{"id":2545,"date":"2022-05-31T09:06:08","date_gmt":"2022-05-31T09:06:08","guid":{"rendered":"https:\/\/wellingtonnews.pt\/?page_id=2545"},"modified":"2022-05-31T09:09:27","modified_gmt":"2022-05-31T09:09:27","slug":"politica-de-sustentabilidade","status":"publish","type":"page","link":"https:\/\/wellingtonnews.pt\/en\/politica-de-sustentabilidade\/","title":{"rendered":"Pol\u00edtica de Sustentabilidade"},"content":{"rendered":"<div data-elementor-type=\"wp-page\" data-elementor-id=\"2545\" class=\"elementor elementor-2545\" data-elementor-post-type=\"page\">\n\t\t\t\t\t\t<section class=\"elementor-section elementor-top-section elementor-element elementor-element-70ebff00 elementor-section-boxed elementor-section-height-default elementor-section-height-default\" data-id=\"70ebff00\" data-element_type=\"section\" data-e-type=\"section\">\n\t\t\t\t\t\t<div class=\"elementor-container elementor-column-gap-default\">\n\t\t\t\t\t<div class=\"elementor-column elementor-col-100 elementor-top-column elementor-element elementor-element-7cb4ce2e\" data-id=\"7cb4ce2e\" data-element_type=\"column\" data-e-type=\"column\">\n\t\t\t<div class=\"elementor-widget-wrap elementor-element-populated\">\n\t\t\t\t\t\t<div class=\"elementor-element elementor-element-43de83af elementor-widget elementor-widget-image\" data-id=\"43de83af\" data-element_type=\"widget\" data-e-type=\"widget\" data-widget_type=\"image.default\">\n\t\t\t\t<div class=\"elementor-widget-container\">\n\t\t\t\t\t\t\t\t\t\t\t\t\t\t\t<img fetchpriority=\"high\" decoding=\"async\" width=\"800\" height=\"800\" src=\"https:\/\/wellingtonnews.pt\/wp-content\/uploads\/2021\/04\/Logo-Wellington-vermelho-quadrado-4estrelas.png\" class=\"attachment-large size-large wp-image-11\" alt=\"\" srcset=\"https:\/\/wellingtonnews.pt\/wp-content\/uploads\/2021\/04\/Logo-Wellington-vermelho-quadrado-4estrelas.png 960w, https:\/\/wellingtonnews.pt\/wp-content\/uploads\/2021\/04\/Logo-Wellington-vermelho-quadrado-4estrelas-300x300.png 300w, https:\/\/wellingtonnews.pt\/wp-content\/uploads\/2021\/04\/Logo-Wellington-vermelho-quadrado-4estrelas-150x150.png 150w, https:\/\/wellingtonnews.pt\/wp-content\/uploads\/2021\/04\/Logo-Wellington-vermelho-quadrado-4estrelas-768x768.png 768w\" sizes=\"(max-width: 800px) 100vw, 800px\" \/>\t\t\t\t\t\t\t\t\t\t\t\t\t\t\t<\/div>\n\t\t\t\t<\/div>\n\t\t\t\t\t<\/div>\n\t\t<\/div>\n\t\t\t\t\t<\/div>\n\t\t<\/section>\n\t\t\t\t<section class=\"elementor-section elementor-top-section elementor-element elementor-element-5dab529f elementor-section-boxed elementor-section-height-default elementor-section-height-default\" data-id=\"5dab529f\" data-element_type=\"section\" data-e-type=\"section\" data-settings=\"{&quot;background_background&quot;:&quot;classic&quot;}\">\n\t\t\t\t\t\t<div class=\"elementor-container elementor-column-gap-default\">\n\t\t\t\t\t<div class=\"elementor-column elementor-col-20 elementor-top-column elementor-element elementor-element-48d83857\" data-id=\"48d83857\" data-element_type=\"column\" data-e-type=\"column\" data-settings=\"{&quot;background_background&quot;:&quot;classic&quot;}\">\n\t\t\t<div class=\"elementor-widget-wrap elementor-element-populated\">\n\t\t\t\t\t\t<div class=\"elementor-element elementor-element-3b5a5fc2 elementor-widget elementor-widget-image\" data-id=\"3b5a5fc2\" data-element_type=\"widget\" data-e-type=\"widget\" data-widget_type=\"image.default\">\n\t\t\t\t<div class=\"elementor-widget-container\">\n\t\t\t\t\t\t\t\t\t\t\t\t\t\t\t<img decoding=\"async\" width=\"240\" height=\"240\" src=\"https:\/\/wellingtonnews.pt\/wp-content\/uploads\/2021\/04\/icon_home_grena.png\" class=\"attachment-large size-large wp-image-48\" alt=\"\" srcset=\"https:\/\/wellingtonnews.pt\/wp-content\/uploads\/2021\/04\/icon_home_grena.png 240w, https:\/\/wellingtonnews.pt\/wp-content\/uploads\/2021\/04\/icon_home_grena-150x150.png 150w\" sizes=\"(max-width: 240px) 100vw, 240px\" \/>\t\t\t\t\t\t\t\t\t\t\t\t\t\t\t<\/div>\n\t\t\t\t<\/div>\n\t\t\t\t<div class=\"elementor-element elementor-element-79ebb11d elementor-widget elementor-widget-heading\" data-id=\"79ebb11d\" data-element_type=\"widget\" data-e-type=\"widget\" data-widget_type=\"heading.default\">\n\t\t\t\t<div class=\"elementor-widget-container\">\n\t\t\t\t\t<h2 class=\"elementor-heading-title elementor-size-default\">HOME<\/h2>\t\t\t\t<\/div>\n\t\t\t\t<\/div>\n\t\t\t\t\t<\/div>\n\t\t<\/div>\n\t\t\t\t<div class=\"elementor-column elementor-col-20 elementor-top-column elementor-element elementor-element-73dab75e\" data-id=\"73dab75e\" data-element_type=\"column\" data-e-type=\"column\" data-settings=\"{&quot;background_background&quot;:&quot;classic&quot;}\">\n\t\t\t<div class=\"elementor-widget-wrap elementor-element-populated\">\n\t\t\t\t\t\t<div class=\"elementor-element elementor-element-3c9fcbe2 elementor-widget elementor-widget-image\" data-id=\"3c9fcbe2\" data-element_type=\"widget\" data-e-type=\"widget\" data-widget_type=\"image.default\">\n\t\t\t\t<div class=\"elementor-widget-container\">\n\t\t\t\t\t\t\t\t\t\t\t\t\t\t\t<img decoding=\"async\" width=\"260\" height=\"260\" src=\"https:\/\/wellingtonnews.pt\/wp-content\/uploads\/2021\/04\/icon_experiencias_grena.png\" class=\"attachment-large size-large wp-image-50\" alt=\"\" srcset=\"https:\/\/wellingtonnews.pt\/wp-content\/uploads\/2021\/04\/icon_experiencias_grena.png 260w, https:\/\/wellingtonnews.pt\/wp-content\/uploads\/2021\/04\/icon_experiencias_grena-150x150.png 150w\" sizes=\"(max-width: 260px) 100vw, 260px\" \/>\t\t\t\t\t\t\t\t\t\t\t\t\t\t\t<\/div>\n\t\t\t\t<\/div>\n\t\t\t\t<div class=\"elementor-element elementor-element-6511ea8b elementor-widget elementor-widget-heading\" data-id=\"6511ea8b\" data-element_type=\"widget\" data-e-type=\"widget\" data-widget_type=\"heading.default\">\n\t\t\t\t<div class=\"elementor-widget-container\">\n\t\t\t\t\t<h2 class=\"elementor-heading-title elementor-size-default\">EXPERIENCES<\/h2>\t\t\t\t<\/div>\n\t\t\t\t<\/div>\n\t\t\t\t\t<\/div>\n\t\t<\/div>\n\t\t\t\t<div class=\"elementor-column elementor-col-20 elementor-top-column elementor-element elementor-element-1c2dbf6\" data-id=\"1c2dbf6\" data-element_type=\"column\" data-e-type=\"column\" data-settings=\"{&quot;background_background&quot;:&quot;classic&quot;}\">\n\t\t\t<div class=\"elementor-widget-wrap elementor-element-populated\">\n\t\t\t\t\t\t<div class=\"elementor-element elementor-element-2d684256 elementor-widget elementor-widget-image\" data-id=\"2d684256\" data-element_type=\"widget\" data-e-type=\"widget\" data-widget_type=\"image.default\">\n\t\t\t\t<div class=\"elementor-widget-container\">\n\t\t\t\t\t\t\t\t\t\t\t\t\t\t\t<img loading=\"lazy\" decoding=\"async\" width=\"260\" height=\"260\" src=\"https:\/\/wellingtonnews.pt\/wp-content\/uploads\/2021\/04\/icon_quevistar_grena.png\" class=\"attachment-large size-large wp-image-51\" alt=\"\" srcset=\"https:\/\/wellingtonnews.pt\/wp-content\/uploads\/2021\/04\/icon_quevistar_grena.png 260w, https:\/\/wellingtonnews.pt\/wp-content\/uploads\/2021\/04\/icon_quevistar_grena-150x150.png 150w\" sizes=\"(max-width: 260px) 100vw, 260px\" \/>\t\t\t\t\t\t\t\t\t\t\t\t\t\t\t<\/div>\n\t\t\t\t<\/div>\n\t\t\t\t<div class=\"elementor-element elementor-element-54e8dac1 elementor-widget elementor-widget-heading\" data-id=\"54e8dac1\" data-element_type=\"widget\" data-e-type=\"widget\" data-widget_type=\"heading.default\">\n\t\t\t\t<div class=\"elementor-widget-container\">\n\t\t\t\t\t<h2 class=\"elementor-heading-title elementor-size-default\">VISIT<\/h2>\t\t\t\t<\/div>\n\t\t\t\t<\/div>\n\t\t\t\t\t<\/div>\n\t\t<\/div>\n\t\t\t\t<div class=\"elementor-column elementor-col-20 elementor-top-column elementor-element elementor-element-22ccdc6b\" data-id=\"22ccdc6b\" data-element_type=\"column\" data-e-type=\"column\" data-settings=\"{&quot;background_background&quot;:&quot;classic&quot;}\">\n\t\t\t<div class=\"elementor-widget-wrap elementor-element-populated\">\n\t\t\t\t\t\t<div class=\"elementor-element elementor-element-29c20f4d elementor-widget elementor-widget-image\" data-id=\"29c20f4d\" data-element_type=\"widget\" data-e-type=\"widget\" data-widget_type=\"image.default\">\n\t\t\t\t<div class=\"elementor-widget-container\">\n\t\t\t\t\t\t\t\t\t\t\t\t\t\t\t<img loading=\"lazy\" decoding=\"async\" width=\"260\" height=\"260\" src=\"https:\/\/wellingtonnews.pt\/wp-content\/uploads\/2021\/04\/icon_eventos_grena.png\" class=\"attachment-large size-large wp-image-52\" alt=\"\" srcset=\"https:\/\/wellingtonnews.pt\/wp-content\/uploads\/2021\/04\/icon_eventos_grena.png 260w, https:\/\/wellingtonnews.pt\/wp-content\/uploads\/2021\/04\/icon_eventos_grena-150x150.png 150w\" sizes=\"(max-width: 260px) 100vw, 260px\" \/>\t\t\t\t\t\t\t\t\t\t\t\t\t\t\t<\/div>\n\t\t\t\t<\/div>\n\t\t\t\t<div class=\"elementor-element elementor-element-91f23cb elementor-widget elementor-widget-heading\" data-id=\"91f23cb\" data-element_type=\"widget\" data-e-type=\"widget\" data-widget_type=\"heading.default\">\n\t\t\t\t<div class=\"elementor-widget-container\">\n\t\t\t\t\t<h2 class=\"elementor-heading-title elementor-size-default\">EVENTS<\/h2>\t\t\t\t<\/div>\n\t\t\t\t<\/div>\n\t\t\t\t\t<\/div>\n\t\t<\/div>\n\t\t\t\t<div class=\"elementor-column elementor-col-20 elementor-top-column elementor-element elementor-element-378911c9\" data-id=\"378911c9\" data-element_type=\"column\" data-e-type=\"column\" data-settings=\"{&quot;background_background&quot;:&quot;classic&quot;}\">\n\t\t\t<div class=\"elementor-widget-wrap elementor-element-populated\">\n\t\t\t\t\t\t<div class=\"elementor-element elementor-element-109583d8 elementor-widget elementor-widget-image\" data-id=\"109583d8\" data-element_type=\"widget\" data-e-type=\"widget\" data-widget_type=\"image.default\">\n\t\t\t\t<div class=\"elementor-widget-container\">\n\t\t\t\t\t\t\t\t\t\t\t\t\t\t\t<img loading=\"lazy\" decoding=\"async\" width=\"260\" height=\"260\" src=\"https:\/\/wellingtonnews.pt\/wp-content\/uploads\/2021\/04\/icon_ondecomer_grena.png\" class=\"attachment-large size-large wp-image-53\" alt=\"\" srcset=\"https:\/\/wellingtonnews.pt\/wp-content\/uploads\/2021\/04\/icon_ondecomer_grena.png 260w, https:\/\/wellingtonnews.pt\/wp-content\/uploads\/2021\/04\/icon_ondecomer_grena-150x150.png 150w\" sizes=\"(max-width: 260px) 100vw, 260px\" \/>\t\t\t\t\t\t\t\t\t\t\t\t\t\t\t<\/div>\n\t\t\t\t<\/div>\n\t\t\t\t<div class=\"elementor-element elementor-element-6e67763 elementor-widget elementor-widget-heading\" data-id=\"6e67763\" data-element_type=\"widget\" data-e-type=\"widget\" data-widget_type=\"heading.default\">\n\t\t\t\t<div class=\"elementor-widget-container\">\n\t\t\t\t\t<h2 class=\"elementor-heading-title elementor-size-default\">EAT<\/h2>\t\t\t\t<\/div>\n\t\t\t\t<\/div>\n\t\t\t\t\t<\/div>\n\t\t<\/div>\n\t\t\t\t\t<\/div>\n\t\t<\/section>\n\t\t\t\t<section class=\"elementor-section elementor-top-section elementor-element elementor-element-55c3e11c elementor-section-boxed elementor-section-height-default elementor-section-height-default\" data-id=\"55c3e11c\" data-element_type=\"section\" data-e-type=\"section\">\n\t\t\t\t\t\t<div class=\"elementor-container elementor-column-gap-default\">\n\t\t\t\t\t<div class=\"elementor-column elementor-col-100 elementor-top-column elementor-element elementor-element-8fb8cb3\" data-id=\"8fb8cb3\" data-element_type=\"column\" data-e-type=\"column\">\n\t\t\t<div class=\"elementor-widget-wrap elementor-element-populated\">\n\t\t\t\t\t\t<div class=\"elementor-element elementor-element-7dd1363a elementor-widget elementor-widget-heading\" data-id=\"7dd1363a\" data-element_type=\"widget\" data-e-type=\"widget\" data-widget_type=\"heading.default\">\n\t\t\t\t<div class=\"elementor-widget-container\">\n\t\t\t\t\t<h2 class=\"elementor-heading-title elementor-size-default\">SUSTAINABILITY POLICY<\/h2>\t\t\t\t<\/div>\n\t\t\t\t<\/div>\n\t\t\t\t<div class=\"elementor-element elementor-element-166d5053 elementor-widget elementor-widget-image\" data-id=\"166d5053\" data-element_type=\"widget\" data-e-type=\"widget\" data-widget_type=\"image.default\">\n\t\t\t\t<div class=\"elementor-widget-container\">\n\t\t\t\t\t\t\t\t\t\t\t\t\t\t\t<img loading=\"lazy\" decoding=\"async\" width=\"800\" height=\"533\" src=\"https:\/\/wellingtonnews.pt\/wp-content\/uploads\/2022\/05\/environmental-conservation-plant-sustainability-2022-04-07-13-03-09-utc.jpg\" class=\"attachment-large size-large wp-image-2547\" alt=\"\" srcset=\"https:\/\/wellingtonnews.pt\/wp-content\/uploads\/2022\/05\/environmental-conservation-plant-sustainability-2022-04-07-13-03-09-utc.jpg 800w, https:\/\/wellingtonnews.pt\/wp-content\/uploads\/2022\/05\/environmental-conservation-plant-sustainability-2022-04-07-13-03-09-utc-300x200.jpg 300w, https:\/\/wellingtonnews.pt\/wp-content\/uploads\/2022\/05\/environmental-conservation-plant-sustainability-2022-04-07-13-03-09-utc-768x512.jpg 768w, https:\/\/wellingtonnews.pt\/wp-content\/uploads\/2022\/05\/environmental-conservation-plant-sustainability-2022-04-07-13-03-09-utc-18x12.jpg 18w\" sizes=\"(max-width: 800px) 100vw, 800px\" \/>\t\t\t\t\t\t\t\t\t\t\t\t\t\t\t<\/div>\n\t\t\t\t<\/div>\n\t\t\t\t<div class=\"elementor-element elementor-element-44b0c2e2 elementor-widget elementor-widget-text-editor\" data-id=\"44b0c2e2\" data-element_type=\"widget\" data-e-type=\"widget\" data-widget_type=\"text-editor.default\">\n\t\t\t\t<div class=\"elementor-widget-container\">\n\t\t\t\t\t\t\t\t\t<p>Aware of the importance of maintaining sustainable tourism development, and assuming the principles specifically adopted in the World Charter for Sustainable Tourism, the <strong>EXE WELLINGTON HOTEL 4*- Figueira da Foz<\/strong> undertakes to carry out a sustainable management of its activities, through the adoption of commitments aimed at preventing, eliminating or reducing the impact of our facilities and activities, both internal and external, as well as optimizing the sustainability of its operation, improving the their behavior towards the environment.<\/p><p>For that purpose, the <strong>EXE WELLINGTON HOTEL 4*- Figueira da Foz<\/strong> has adopted the following sustainability policy, through which it undertakes to comply with the requirements established in the Biosphere Sustainable Lifestyle framework, which includes, among other things, the legal requirements that regulate the effects generated by the tourist activity.<\/p><p>Thus, we are committed to motivating and training our employees with training and awareness actions on the principles of Sustainability, to promoting good environmental practices and participating in external activities, and to informing both internally and externally about the advances and environmental actions of the company. company.<\/p><p>We are also committed to fighting sexual exploitation, or any other form of commercial exploitation and harassment, particularly against children, adolescents, women and minorities. We also include a commitment to adopt accessibility measures for people with disabilities (sensory, physical, intellectual and psychological).<\/p><p>One of our main objectives is to improve sustainable management, assuming the commitments of continuous improvement in all areas of sustainability: social, economic and environmental, as well as customer satisfaction. To this end, current and future projects managed by the unit <strong>EXE WELLINGTON HOTEL 4*- Figueira da Foz<\/strong> they will be subject to the criteria of sustainability and efficiency in the use of resources.<\/p><p>This Sustainability Policy will be updated whenever circumstances require, adopting and publishing new sustainability objectives in both cases.<\/p>\t\t\t\t\t\t\t\t<\/div>\n\t\t\t\t<\/div>\n\t\t\t\t\t<\/div>\n\t\t<\/div>\n\t\t\t\t\t<\/div>\n\t\t<\/section>\n\t\t\t\t<section class=\"elementor-section elementor-top-section elementor-element elementor-element-4880b682 elementor-section-height-min-height elementor-section-boxed elementor-section-height-default elementor-section-items-middle\" data-id=\"4880b682\" data-element_type=\"section\" data-e-type=\"section\">\n\t\t\t\t\t\t<div class=\"elementor-container elementor-column-gap-default\">\n\t\t\t\t\t<div class=\"elementor-column elementor-col-100 elementor-top-column elementor-element elementor-element-59d148e5\" data-id=\"59d148e5\" data-element_type=\"column\" data-e-type=\"column\">\n\t\t\t<div class=\"elementor-widget-wrap\">\n\t\t\t\t\t\t\t<\/div>\n\t\t<\/div>\n\t\t\t\t\t<\/div>\n\t\t<\/section>\n\t\t\t\t<\/div>","protected":false},"excerpt":{"rendered":"<p>HOME EXPERI\u00caNCIAS VISITAR EVENTOS COMER POL\u00cdTICA DE SUSTENTABILIDADE Conscientes da import\u00e2ncia de manter um desenvolvimento tur\u00edstico sustent\u00e1vel, e assumindo os princ\u00edpios adotados especificamente na Carta Mundial de Turismo Sustent\u00e1vel, o HOTEL EXE WELLINGTON 4*- Figueira da Foz compromete-se a levar a cabo uma gest\u00e3o sustent\u00e1vel das suas atividades, mediante a ado\u00e7\u00e3o de compromissos orientados a [&hellip;]<\/p>\n","protected":false},"author":1,"featured_media":0,"parent":0,"menu_order":0,"comment_status":"closed","ping_status":"closed","template":"elementor_canvas","meta":{"footnotes":""},"class_list":["post-2545","page","type-page","status-publish","hentry"],"_links":{"self":[{"href":"https:\/\/wellingtonnews.pt\/en\/wp-json\/wp\/v2\/pages\/2545","targetHints":{"allow":["GET"]}}],"collection":[{"href":"https:\/\/wellingtonnews.pt\/en\/wp-json\/wp\/v2\/pages"}],"about":[{"href":"https:\/\/wellingtonnews.pt\/en\/wp-json\/wp\/v2\/types\/page"}],"author":[{"embeddable":true,"href":"https:\/\/wellingtonnews.pt\/en\/wp-json\/wp\/v2\/users\/1"}],"replies":[{"embeddable":true,"href":"https:\/\/wellingtonnews.pt\/en\/wp-json\/wp\/v2\/comments?post=2545"}],"version-history":[{"count":7,"href":"https:\/\/wellingtonnews.pt\/en\/wp-json\/wp\/v2\/pages\/2545\/revisions"}],"predecessor-version":[{"id":2553,"href":"https:\/\/wellingtonnews.pt\/en\/wp-json\/wp\/v2\/pages\/2545\/revisions\/2553"}],"wp:attachment":[{"href":"https:\/\/wellingtonnews.pt\/en\/wp-json\/wp\/v2\/media?parent=2545"}],"curies":[{"name":"wp","href":"https:\/\/api.w.org\/{rel}","templated":true}]}}